{"id":7392,"date":"2024-08-23T13:42:58","date_gmt":"2024-08-23T10:42:58","guid":{"rendered":"https:\/\/www.wowevents.eu\/?page_id=7392"},"modified":"2024-08-30T12:41:50","modified_gmt":"2024-08-30T09:41:50","slug":"wow-eventsi-keskkonna-ja-kestlikkuse-pohimotted","status":"publish","type":"page","link":"https:\/\/www.wowevents.eu\/en\/wow-eventsi-keskkonna-ja-kestlikkuse-pohimotted\/","title":{"rendered":"WOW Events&#8217;i Keskkonna- ja Kestlikkuse P\u00f5him\u00f5tted"},"content":{"rendered":"<p>[et_pb_section fb_built=&#8221;1&#8243; _builder_version=&#8221;4.25.1&#8243; _module_preset=&#8221;default&#8221; custom_padding=&#8221;59px|||||&#8221; global_colors_info=&#8221;{}&#8221;][et_pb_row _builder_version=&#8221;4.24.2&#8243; _module_preset=&#8221;default&#8221; global_colors_info=&#8221;{}&#8221;][et_pb_column type=&#8221;4_4&#8243; _builder_version=&#8221;4.24.2&#8243; _module_preset=&#8221;default&#8221; global_colors_info=&#8221;{}&#8221;][et_pb_text _builder_version=&#8221;4.27.0&#8243; _module_preset=&#8221;default&#8221; hover_enabled=&#8221;0&#8243; global_colors_info=&#8221;{}&#8221; sticky_enabled=&#8221;0&#8243;]<\/p>\n<p><strong>WOW Events&#8217;i Keskkonna- ja Kestlikkuse P\u00f5him\u00f5tted<img decoding=\"async\" src=\"https:\/\/www.wowevents.eu\/wp-content\/uploads\/2024\/08\/Roheline-kontor-wow-events.jpg\" width=\"330\" height=\"145\" alt=\"\" class=\"wp-image-7399 alignright size-full\" \/><\/strong><\/p>\n<p>WOW Events on p\u00fchendunud keskkonnahoidlikkusele ja kestlikkusele, rakendades oma kontoritegevuses mitmeid meetmeid, et v\u00e4hendada \u00f6koloogilist jalaj\u00e4lge ja toetada vastutustundlikku \u00e4ritegevust.<\/p>\n<p><strong>Meie Peamised Keskkonna- ja Kestlikkuse P\u00f5him\u00f5tted:<\/strong><\/p>\n<ul>\n<li><strong>Energiat\u00f5husus<\/strong>: Kontoris kasutame energias\u00e4\u00e4stlikke lahendusi. See puudutab nii valgustuse, k\u00fctte -ja ventilatsioonis\u00fcsteem. Samuti julgustame t\u00f6\u00f6tajaid l\u00fclitama seadmeid v\u00e4lja, kui need ei ole kasutuses.<\/li>\n<li><strong>Paberikasutuse v\u00e4hendamine<\/strong>: Eelistame digitaalset dokumentatsiooni ja kahepoolset printimist, et v\u00e4hendada paberi tarbimist. J\u00e4tkusuutlikkuse eesm\u00e4rgil edendame paberi taaskasutamist kontoris.<\/li>\n<li><strong>J\u00e4\u00e4tmete sorteerimine ja taaskasutus<\/strong>: WOW Events sorteerib j\u00e4\u00e4tmed vastavalt keskkonnan\u00f5uetele ja p\u00fc\u00fcab minimeerida j\u00e4\u00e4tmete teket, edendades korduvkasutatavate toodete kasutamist. Kontoris on kasutusel Waste Locker s\u00fcsteem.<\/li>\n<li><strong>Vastutustundlikud ostud<\/strong>: Kasutame v\u00f5imalusel keskkonnas\u00f5bralikke ja taaskasutatud materjalidest valmistatud kontoritarbeid, et v\u00e4hendada m\u00f5ju keskkonnale.<\/li>\n<li><strong>T\u00f6\u00f6tajate teadlikkuse t\u00f5stmine<\/strong>: Korraldame regulaarselt koolitusi ja teavitusprogramme, et suurendada t\u00f6\u00f6tajate teadlikkust keskkonnahoidlikest praktikatest ja julgustada nende igap\u00e4evast rakendamist.<\/li>\n<\/ul>\n<p>Meie eesm\u00e4rk on tagada, et WOW Events&#8217;i tegevus oleks koosk\u00f5las kestlikkuse p\u00f5him\u00f5tetega, luues v\u00e4\u00e4rtust mitte ainult klientidele, vaid ka keskkonnale. Oleme kindlad, et vastutustundlik tegutsemine aitab kaasa puhtama ja j\u00e4tkusuutlikuma tuleviku loomisele.<\/p>\n<p>&nbsp;<\/p>\n<p>[\/et_pb_text][\/et_pb_column][\/et_pb_row][\/et_pb_section]<\/p>\n","protected":false},"excerpt":{"rendered":"<p>WOW Events&#8217;i Keskkonna- ja Kestlikkuse P\u00f5him\u00f5tted WOW Events on p\u00fchendunud keskkonnahoidlikkusele ja kestlikkusele, rakendades oma kontoritegevuses mitmeid meetmeid, et v\u00e4hendada \u00f6koloogilist jalaj\u00e4lge ja toetada vastutustundlikku \u00e4ritegevust. Meie Peamised Keskkonna- ja Kestlikkuse P\u00f5him\u00f5tted: Energiat\u00f5husus: Kontoris kasutame energias\u00e4\u00e4stlikke lahendusi. See puudutab nii valgustuse, k\u00fctte -ja ventilatsioonis\u00fcsteem. Samuti julgustame t\u00f6\u00f6tajaid l\u00fclitama seadmeid v\u00e4lja, kui need ei ole kasutuses. [&hellip;]<\/p>\n","protected":false},"author":4,"featured_media":0,"parent":0,"menu_order":0,"comment_status":"closed","ping_status":"closed","template":"","meta":{"_et_pb_use_builder":"on","_et_pb_old_content":"","_et_gb_content_width":"","_monsterinsights_skip_tracking":false,"_monsterinsights_sitenote_active":false,"_monsterinsights_sitenote_note":"","_monsterinsights_sitenote_category":0,"_uf_show_specific_survey":0,"_uf_disable_surveys":false,"footnotes":""},"class_list":["post-7392","page","type-page","status-publish","hentry"],"yoast_head":"<!-- This site is optimized with the Yoast SEO plugin v27.5 - https:\/\/yoast.com\/product\/yoast-seo-wordpress\/ -->\n<title>WOW Events&#039;i Keskkonna- ja Kestlikkuse P\u00f5him\u00f5tted - WOW EVENTS | We create positive impact<\/title>\n<meta name=\"description\" content=\"WOW Events on p\u00fchendunud keskkonnahoidlikkusele ja kestlikkusele, rakendades oma kontoritegevuses mitmeid meetmeid, et v\u00e4hendada ...\" \/>\n<meta name=\"robots\" content=\"index, follow, max-snippet:-1, max-image-preview:large, max-video-preview:-1\" \/>\n<link rel=\"canonical\" href=\"https:\/\/www.wowevents.eu\/en\/wow-eventsi-keskkonna-ja-kestlikkuse-pohimotted\/\" \/>\n<meta property=\"og:locale\" content=\"en_GB\" \/>\n<meta property=\"og:type\" content=\"article\" \/>\n<meta property=\"og:title\" content=\"WOW Events&#039;i Keskkonna- ja Kestlikkuse P\u00f5him\u00f5tted - WOW EVENTS | We create positive impact\" \/>\n<meta property=\"og:description\" content=\"WOW Events on p\u00fchendunud keskkonnahoidlikkusele ja kestlikkusele, rakendades oma kontoritegevuses mitmeid meetmeid, et v\u00e4hendada ...\" \/>\n<meta property=\"og:url\" content=\"https:\/\/www.wowevents.eu\/en\/wow-eventsi-keskkonna-ja-kestlikkuse-pohimotted\/\" \/>\n<meta property=\"og:site_name\" content=\"WOW EVENTS | We create positive impact\" \/>\n<meta property=\"article:publisher\" content=\"https:\/\/www.facebook.com\/wowevents10\" \/>\n<meta property=\"article:modified_time\" content=\"2024-08-30T09:41:50+00:00\" \/>\n<meta property=\"og:image\" content=\"https:\/\/www.wowevents.eu\/wp-content\/uploads\/2024\/08\/Roheline-kontor-wow-events.jpg\" \/>\n<meta name=\"twitter:card\" content=\"summary_large_image\" \/>\n<meta name=\"twitter:site\" content=\"@wowevents10\" \/>\n<meta name=\"twitter:label1\" content=\"Estimated reading time\" \/>\n\t<meta name=\"twitter:data1\" content=\"1 minute\" \/>\n<script type=\"application\/ld+json\" class=\"yoast-schema-graph\">{\"@context\":\"https:\\\/\\\/schema.org\",\"@graph\":[{\"@type\":\"WebPage\",\"@id\":\"https:\\\/\\\/www.wowevents.eu\\\/wow-eventsi-keskkonna-ja-kestlikkuse-pohimotted\\\/\",\"url\":\"https:\\\/\\\/www.wowevents.eu\\\/wow-eventsi-keskkonna-ja-kestlikkuse-pohimotted\\\/\",\"name\":\"WOW Events'i Keskkonna- ja Kestlikkuse P\u00f5him\u00f5tted - WOW EVENTS | We create positive impact\",\"isPartOf\":{\"@id\":\"https:\\\/\\\/www.wowevents.eu\\\/#website\"},\"primaryImageOfPage\":{\"@id\":\"https:\\\/\\\/www.wowevents.eu\\\/wow-eventsi-keskkonna-ja-kestlikkuse-pohimotted\\\/#primaryimage\"},\"image\":{\"@id\":\"https:\\\/\\\/www.wowevents.eu\\\/wow-eventsi-keskkonna-ja-kestlikkuse-pohimotted\\\/#primaryimage\"},\"thumbnailUrl\":\"https:\\\/\\\/www.wowevents.eu\\\/wp-content\\\/uploads\\\/2024\\\/08\\\/Roheline-kontor-wow-events.jpg\",\"datePublished\":\"2024-08-23T10:42:58+00:00\",\"dateModified\":\"2024-08-30T09:41:50+00:00\",\"description\":\"WOW Events on p\u00fchendunud keskkonnahoidlikkusele ja kestlikkusele, rakendades oma kontoritegevuses mitmeid meetmeid, et v\u00e4hendada ...\",\"breadcrumb\":{\"@id\":\"https:\\\/\\\/www.wowevents.eu\\\/wow-eventsi-keskkonna-ja-kestlikkuse-pohimotted\\\/#breadcrumb\"},\"inLanguage\":\"en-GB\",\"potentialAction\":[{\"@type\":\"ReadAction\",\"target\":[\"https:\\\/\\\/www.wowevents.eu\\\/wow-eventsi-keskkonna-ja-kestlikkuse-pohimotted\\\/\"]}]},{\"@type\":\"ImageObject\",\"inLanguage\":\"en-GB\",\"@id\":\"https:\\\/\\\/www.wowevents.eu\\\/wow-eventsi-keskkonna-ja-kestlikkuse-pohimotted\\\/#primaryimage\",\"url\":\"https:\\\/\\\/www.wowevents.eu\\\/wp-content\\\/uploads\\\/2024\\\/08\\\/Roheline-kontor-wow-events.jpg\",\"contentUrl\":\"https:\\\/\\\/www.wowevents.eu\\\/wp-content\\\/uploads\\\/2024\\\/08\\\/Roheline-kontor-wow-events.jpg\"},{\"@type\":\"BreadcrumbList\",\"@id\":\"https:\\\/\\\/www.wowevents.eu\\\/wow-eventsi-keskkonna-ja-kestlikkuse-pohimotted\\\/#breadcrumb\",\"itemListElement\":[{\"@type\":\"ListItem\",\"position\":1,\"name\":\"Home\",\"item\":\"https:\\\/\\\/www.wowevents.eu\\\/\"},{\"@type\":\"ListItem\",\"position\":2,\"name\":\"WOW Events&#8217;i Keskkonna- ja Kestlikkuse P\u00f5him\u00f5tted\"}]},{\"@type\":\"WebSite\",\"@id\":\"https:\\\/\\\/www.wowevents.eu\\\/#website\",\"url\":\"https:\\\/\\\/www.wowevents.eu\\\/\",\"name\":\"WOW EVENTS | We create positive impact\",\"description\":\"\u00dcrituste korraldamine\",\"publisher\":{\"@id\":\"https:\\\/\\\/www.wowevents.eu\\\/#organization\"},\"potentialAction\":[{\"@type\":\"SearchAction\",\"target\":{\"@type\":\"EntryPoint\",\"urlTemplate\":\"https:\\\/\\\/www.wowevents.eu\\\/?s={search_term_string}\"},\"query-input\":{\"@type\":\"PropertyValueSpecification\",\"valueRequired\":true,\"valueName\":\"search_term_string\"}}],\"inLanguage\":\"en-GB\"},{\"@type\":\"Organization\",\"@id\":\"https:\\\/\\\/www.wowevents.eu\\\/#organization\",\"name\":\"WOW Events\",\"url\":\"https:\\\/\\\/www.wowevents.eu\\\/\",\"logo\":{\"@type\":\"ImageObject\",\"inLanguage\":\"en-GB\",\"@id\":\"https:\\\/\\\/www.wowevents.eu\\\/#\\\/schema\\\/logo\\\/image\\\/\",\"url\":\"https:\\\/\\\/www.wowevents.eu\\\/wp-content\\\/uploads\\\/2026\\\/03\\\/WOW-25-1.png\",\"contentUrl\":\"https:\\\/\\\/www.wowevents.eu\\\/wp-content\\\/uploads\\\/2026\\\/03\\\/WOW-25-1.png\",\"width\":1264,\"height\":772,\"caption\":\"WOW Events\"},\"image\":{\"@id\":\"https:\\\/\\\/www.wowevents.eu\\\/#\\\/schema\\\/logo\\\/image\\\/\"},\"sameAs\":[\"https:\\\/\\\/www.facebook.com\\\/wowevents10\",\"https:\\\/\\\/x.com\\\/wowevents10\",\"https:\\\/\\\/www.instagram.com\\\/wowestonia\\\/\"]}]}<\/script>\n<!-- \/ Yoast SEO plugin. -->","yoast_head_json":{"title":"WOW Events'i Keskkonna- ja Kestlikkuse P\u00f5him\u00f5tted - WOW EVENTS | We create positive impact","description":"WOW Events on p\u00fchendunud keskkonnahoidlikkusele ja kestlikkusele, rakendades oma kontoritegevuses mitmeid meetmeid, et v\u00e4hendada ...","robots":{"index":"index","follow":"follow","max-snippet":"max-snippet:-1","max-image-preview":"max-image-preview:large","max-video-preview":"max-video-preview:-1"},"canonical":"https:\/\/www.wowevents.eu\/en\/wow-eventsi-keskkonna-ja-kestlikkuse-pohimotted\/","og_locale":"en_GB","og_type":"article","og_title":"WOW Events'i Keskkonna- ja Kestlikkuse P\u00f5him\u00f5tted - WOW EVENTS | We create positive impact","og_description":"WOW Events on p\u00fchendunud keskkonnahoidlikkusele ja kestlikkusele, rakendades oma kontoritegevuses mitmeid meetmeid, et v\u00e4hendada ...","og_url":"https:\/\/www.wowevents.eu\/en\/wow-eventsi-keskkonna-ja-kestlikkuse-pohimotted\/","og_site_name":"WOW EVENTS | We create positive impact","article_publisher":"https:\/\/www.facebook.com\/wowevents10","article_modified_time":"2024-08-30T09:41:50+00:00","og_image":[{"url":"https:\/\/www.wowevents.eu\/wp-content\/uploads\/2024\/08\/Roheline-kontor-wow-events.jpg","type":"","width":"","height":""}],"twitter_card":"summary_large_image","twitter_site":"@wowevents10","twitter_misc":{"Estimated reading time":"1 minute"},"schema":{"@context":"https:\/\/schema.org","@graph":[{"@type":"WebPage","@id":"https:\/\/www.wowevents.eu\/wow-eventsi-keskkonna-ja-kestlikkuse-pohimotted\/","url":"https:\/\/www.wowevents.eu\/wow-eventsi-keskkonna-ja-kestlikkuse-pohimotted\/","name":"WOW Events'i Keskkonna- ja Kestlikkuse P\u00f5him\u00f5tted - WOW EVENTS | We create positive impact","isPartOf":{"@id":"https:\/\/www.wowevents.eu\/#website"},"primaryImageOfPage":{"@id":"https:\/\/www.wowevents.eu\/wow-eventsi-keskkonna-ja-kestlikkuse-pohimotted\/#primaryimage"},"image":{"@id":"https:\/\/www.wowevents.eu\/wow-eventsi-keskkonna-ja-kestlikkuse-pohimotted\/#primaryimage"},"thumbnailUrl":"https:\/\/www.wowevents.eu\/wp-content\/uploads\/2024\/08\/Roheline-kontor-wow-events.jpg","datePublished":"2024-08-23T10:42:58+00:00","dateModified":"2024-08-30T09:41:50+00:00","description":"WOW Events on p\u00fchendunud keskkonnahoidlikkusele ja kestlikkusele, rakendades oma kontoritegevuses mitmeid meetmeid, et v\u00e4hendada ...","breadcrumb":{"@id":"https:\/\/www.wowevents.eu\/wow-eventsi-keskkonna-ja-kestlikkuse-pohimotted\/#breadcrumb"},"inLanguage":"en-GB","potentialAction":[{"@type":"ReadAction","target":["https:\/\/www.wowevents.eu\/wow-eventsi-keskkonna-ja-kestlikkuse-pohimotted\/"]}]},{"@type":"ImageObject","inLanguage":"en-GB","@id":"https:\/\/www.wowevents.eu\/wow-eventsi-keskkonna-ja-kestlikkuse-pohimotted\/#primaryimage","url":"https:\/\/www.wowevents.eu\/wp-content\/uploads\/2024\/08\/Roheline-kontor-wow-events.jpg","contentUrl":"https:\/\/www.wowevents.eu\/wp-content\/uploads\/2024\/08\/Roheline-kontor-wow-events.jpg"},{"@type":"BreadcrumbList","@id":"https:\/\/www.wowevents.eu\/wow-eventsi-keskkonna-ja-kestlikkuse-pohimotted\/#breadcrumb","itemListElement":[{"@type":"ListItem","position":1,"name":"Home","item":"https:\/\/www.wowevents.eu\/"},{"@type":"ListItem","position":2,"name":"WOW Events&#8217;i Keskkonna- ja Kestlikkuse P\u00f5him\u00f5tted"}]},{"@type":"WebSite","@id":"https:\/\/www.wowevents.eu\/#website","url":"https:\/\/www.wowevents.eu\/","name":"WOW EVENTS | We create positive impact","description":"\u00dcrituste korraldamine","publisher":{"@id":"https:\/\/www.wowevents.eu\/#organization"},"potentialAction":[{"@type":"SearchAction","target":{"@type":"EntryPoint","urlTemplate":"https:\/\/www.wowevents.eu\/?s={search_term_string}"},"query-input":{"@type":"PropertyValueSpecification","valueRequired":true,"valueName":"search_term_string"}}],"inLanguage":"en-GB"},{"@type":"Organization","@id":"https:\/\/www.wowevents.eu\/#organization","name":"WOW Events","url":"https:\/\/www.wowevents.eu\/","logo":{"@type":"ImageObject","inLanguage":"en-GB","@id":"https:\/\/www.wowevents.eu\/#\/schema\/logo\/image\/","url":"https:\/\/www.wowevents.eu\/wp-content\/uploads\/2026\/03\/WOW-25-1.png","contentUrl":"https:\/\/www.wowevents.eu\/wp-content\/uploads\/2026\/03\/WOW-25-1.png","width":1264,"height":772,"caption":"WOW Events"},"image":{"@id":"https:\/\/www.wowevents.eu\/#\/schema\/logo\/image\/"},"sameAs":["https:\/\/www.facebook.com\/wowevents10","https:\/\/x.com\/wowevents10","https:\/\/www.instagram.com\/wowestonia\/"]}]}},"_links":{"self":[{"href":"https:\/\/www.wowevents.eu\/en\/wp-json\/wp\/v2\/pages\/7392","targetHints":{"allow":["GET"]}}],"collection":[{"href":"https:\/\/www.wowevents.eu\/en\/wp-json\/wp\/v2\/pages"}],"about":[{"href":"https:\/\/www.wowevents.eu\/en\/wp-json\/wp\/v2\/types\/page"}],"author":[{"embeddable":true,"href":"https:\/\/www.wowevents.eu\/en\/wp-json\/wp\/v2\/users\/4"}],"replies":[{"embeddable":true,"href":"https:\/\/www.wowevents.eu\/en\/wp-json\/wp\/v2\/comments?post=7392"}],"version-history":[{"count":4,"href":"https:\/\/www.wowevents.eu\/en\/wp-json\/wp\/v2\/pages\/7392\/revisions"}],"predecessor-version":[{"id":7400,"href":"https:\/\/www.wowevents.eu\/en\/wp-json\/wp\/v2\/pages\/7392\/revisions\/7400"}],"wp:attachment":[{"href":"https:\/\/www.wowevents.eu\/en\/wp-json\/wp\/v2\/media?parent=7392"}],"curies":[{"name":"wp","href":"https:\/\/api.w.org\/{rel}","templated":true}]}}