{"id":1926,"date":"2019-08-18T21:26:03","date_gmt":"2019-08-18T18:26:03","guid":{"rendered":"https:\/\/www.wowevents.eu\/kliendiuritused-copy\/"},"modified":"2020-01-16T14:55:21","modified_gmt":"2020-01-16T12:55:21","slug":"toopakkumised","status":"publish","type":"page","link":"https:\/\/www.wowevents.eu\/?page_id=1926","title":{"rendered":"T\u00f6\u00f6pakkumised"},"content":{"rendered":"<p>[et_pb_section fb_built=&#8221;1&#8243; next_background_color=&#8221;#ffffff&#8221; admin_label=&#8221;Hero&#8221; _builder_version=&#8221;3.22.3&#8243; use_background_color_gradient=&#8221;on&#8221; background_color_gradient_start=&#8221;#000000&#8243; background_color_gradient_end=&#8221;rgba(255,255,255,0.5)&#8221; background_color_gradient_direction=&#8221;70deg&#8221; background_color_gradient_overlays_image=&#8221;on&#8221; custom_margin=&#8221;|||&#8221; custom_padding=&#8221;3vw||29px||false|false&#8221; bottom_divider_style=&#8221;mountains2&#8243; bottom_divider_repeat=&#8221;0.5x&#8221; bottom_divider_flip=&#8221;horizontal|vertical&#8221;][et_pb_row custom_padding=&#8221;27px|0px|0|0px|false|false&#8221; custom_margin=&#8221;|||&#8221; _builder_version=&#8221;3.22.3&#8243; custom_width_px=&#8221;1384px&#8221;][et_pb_column type=&#8221;4_4&#8243; _builder_version=&#8221;3.0.47&#8243;][et_pb_text _builder_version=&#8221;3.24&#8243; text_font=&#8221;||||||||&#8221; header_font=&#8221;Josefin Sans|700|||||||&#8221; header_font_size=&#8221;90px&#8221; header_line_height=&#8221;1.4em&#8221; header_2_font=&#8221;Josefin Sans||||||||&#8221; header_2_text_color=&#8221;rgba(255,255,255,0.6)&#8221; header_2_font_size=&#8221;32px&#8221; header_2_line_height=&#8221;1.4em&#8221; background_layout=&#8221;dark&#8221; custom_margin=&#8221;-63px||11px|||&#8221; animation_style=&#8221;slide&#8221; animation_direction=&#8221;right&#8221; animation_intensity_slide=&#8221;4%&#8221; header_font_size_tablet=&#8221;50px&#8221; header_font_size_phone=&#8221;32px&#8221; header_font_size_last_edited=&#8221;on|desktop&#8221; header_2_font_size_phone=&#8221;24px&#8221; header_2_font_size_last_edited=&#8221;on|phone&#8221;]<\/p>\n<h1>T\u00f6\u00f6pakkumised<\/h1>\n<p>[\/et_pb_text][\/et_pb_column][\/et_pb_row][\/et_pb_section][et_pb_section fb_built=&#8221;1&#8243; custom_padding_last_edited=&#8221;off|desktop&#8221; admin_label=&#8221;Service&#8221; _builder_version=&#8221;3.22.3&#8243; custom_padding=&#8221;45px|0px|54px|0px|false|false&#8221;][et_pb_row _builder_version=&#8221;3.22.3&#8243; locked=&#8221;off&#8221;][et_pb_column type=&#8221;1_2&#8243; _builder_version=&#8221;3.0.47&#8243;][et_pb_text _builder_version=&#8221;3.24&#8243; text_font=&#8221;Open Sans|600|||||||&#8221; text_font_size=&#8221;18px&#8221; text_line_height=&#8221;1.8em&#8221; header_font=&#8221;||||||||&#8221; header_2_font=&#8221;Josefin Sans|700|||||||&#8221; header_2_font_size=&#8221;32px&#8221; header_2_line_height=&#8221;1.5em&#8221; header_3_font=&#8221;Josefin Sans|700||on|||||&#8221; header_3_text_color=&#8221;rgba(43,51,68,0.2)&#8221; max_width=&#8221;700px&#8221; custom_margin=&#8221;||30px|&#8221; custom_padding=&#8221;|||&#8221; locked=&#8221;off&#8221;]<\/p>\n<p>Tihti otsime oma meeskonda loovaid, ambitsioonikaid ja kohusetundlikke kolleege.<br \/>Hetkel meil konkreetne t\u00f6\u00f6otsing puudub, aga kui Sulle tundub, et Sinu oskused ja kogemused v\u00f5iksid rikastada meie meeskonda, siis pane enda kohta info teele.<\/p>\n<p>[\/et_pb_text][et_pb_button button_url=&#8221;#kontakt&#8221; button_text=&#8221;V\u00f5ta meiega \u00fchendust&#8221; disabled_on=&#8221;on|on|on&#8221; _builder_version=&#8221;3.24&#8243; custom_button=&#8221;on&#8221; button_text_size=&#8221;14px&#8221; button_text_color=&#8221;#ffffff&#8221; button_bg_color=&#8221;#e02b20&#8243; button_border_width=&#8221;14px&#8221; button_border_color=&#8221;#e02b20&#8243; button_border_radius=&#8221;0px&#8221; button_letter_spacing=&#8221;1px&#8221; button_font=&#8221;Josefin Sans|700||on|||||&#8221; box_shadow_style=&#8221;preset3&#8243; box_shadow_blur=&#8221;30px&#8221; box_shadow_color=&#8221;rgba(0,0,0,0.16)&#8221; custom_margin=&#8221;|||&#8221; custom_margin_tablet=&#8221;0px||0px|&#8221; custom_margin_phone=&#8221;||0px|&#8221; custom_margin_last_edited=&#8221;off|desktop&#8221; custom_padding=&#8221;|||&#8221; button_border_radius_hover=&#8221;0px&#8221; button_letter_spacing_hover=&#8221;1px&#8221; disabled=&#8221;on&#8221; locked=&#8221;off&#8221; button_text_size__hover_enabled=&#8221;off&#8221; button_one_text_size__hover_enabled=&#8221;off&#8221; button_two_text_size__hover_enabled=&#8221;off&#8221; button_text_color__hover_enabled=&#8221;off&#8221; button_one_text_color__hover_enabled=&#8221;off&#8221; button_two_text_color__hover_enabled=&#8221;off&#8221; button_border_width__hover_enabled=&#8221;off&#8221; button_one_border_width__hover_enabled=&#8221;off&#8221; button_two_border_width__hover_enabled=&#8221;off&#8221; button_border_color__hover_enabled=&#8221;off&#8221; button_one_border_color__hover_enabled=&#8221;off&#8221; button_two_border_color__hover_enabled=&#8221;off&#8221; button_border_radius__hover_enabled=&#8221;on&#8221; button_border_radius__hover=&#8221;0px&#8221; button_one_border_radius__hover_enabled=&#8221;off&#8221; button_two_border_radius__hover_enabled=&#8221;off&#8221; button_letter_spacing__hover_enabled=&#8221;on&#8221; button_letter_spacing__hover=&#8221;1px&#8221; button_one_letter_spacing__hover_enabled=&#8221;off&#8221; button_two_letter_spacing__hover_enabled=&#8221;off&#8221; button_bg_color__hover_enabled=&#8221;off&#8221; button_one_bg_color__hover_enabled=&#8221;off&#8221; button_two_bg_color__hover_enabled=&#8221;off&#8221;]<\/p>\n<p>&nbsp;<\/p>\n<p>[\/et_pb_button][\/et_pb_column][et_pb_column type=&#8221;1_2&#8243; _builder_version=&#8221;3.0.47&#8243;][dvppl_cf7_styler cf7=&#8221;2214&#8243; cf7_success_border_color=&#8221;#e02b20&#8243; disabled_on=&#8221;off|off|off&#8221; _builder_version=&#8221;3.24&#8243; form_field_font_font=&#8221;||||||||&#8221; form_field_font_font_size=&#8221;17px&#8221; labels_font=&#8221;||||||||&#8221; labels_text_color=&#8221;rgba(0,0,0,0.69)&#8221; labels_font_size=&#8221;22px&#8221; labels_line_height=&#8221;1.5em&#8221; custom_submit_button=&#8221;on&#8221; submit_button_text_size=&#8221;23px&#8221; submit_button_bg_color=&#8221;#e02b20&#8243; submit_button_border_width=&#8221;4px&#8221; submit_button_border_color=&#8221;#e02b20&#8243; submit_button_border_radius=&#8221;0px&#8221; submit_button_font=&#8221;||||||||&#8221; submit_button_icon_color=&#8221;#ffffff&#8221; max_width=&#8221;800px&#8221; module_alignment=&#8221;center&#8221;][\/dvppl_cf7_styler][\/et_pb_column][\/et_pb_row][\/et_pb_section][et_pb_section fb_built=&#8221;1&#8243; next_background_color=&#8221;#ffffff&#8221; admin_label=&#8221;Hero&#8221; module_id=&#8221;kontakt&#8221; _builder_version=&#8221;3.15&#8243; use_background_color_gradient=&#8221;on&#8221; background_color_gradient_start=&#8221;#283d4b&#8221; background_color_gradient_end=&#8221;rgba(128,103,79,0.5)&#8221; background_color_gradient_direction=&#8221;70deg&#8221; background_color_gradient_overlays_image=&#8221;on&#8221; custom_margin=&#8221;||3%|&#8221; custom_padding=&#8221;6vw||||false|false&#8221; bottom_divider_style=&#8221;mountains2&#8243; bottom_divider_height=&#8221;20vw&#8221; bottom_divider_repeat=&#8221;0.5x&#8221; bottom_divider_flip=&#8221;horizontal|vertical&#8221; global_module=&#8221;316&#8243; saved_tabs=&#8221;all&#8221;][et_pb_row _builder_version=&#8221;3.24&#8243;][et_pb_column type=&#8221;4_4&#8243; _builder_version=&#8221;3.24&#8243;][\/et_pb_column][\/et_pb_row][\/et_pb_section][et_pb_section fb_built=&#8221;1&#8243; _builder_version=&#8221;3.22.3&#8243;][et_pb_row custom_padding=&#8221;|||&#8221; _builder_version=&#8221;3.22.3&#8243;][et_pb_column type=&#8221;1_3&#8243; _builder_version=&#8221;3.0.47&#8243;][et_pb_blurb title=&#8221;Kontor&#8221; use_icon=&#8221;on&#8221; font_icon=&#8221;%%236%%&#8221; icon_color=&#8221;#e02b20&#8243; use_icon_font_size=&#8221;on&#8221; icon_font_size=&#8221;32px&#8221; _builder_version=&#8221;3.15&#8243; header_font=&#8221;Josefin Sans|700||on|||||&#8221; header_text_align=&#8221;center&#8221; body_font=&#8221;Open Sans||||||||&#8221; body_text_align=&#8221;center&#8221; body_font_size=&#8221;18px&#8221;]<\/p>\n<p>P\u00e4rnu maantee 160, Tallinn<\/p>\n<p>[\/et_pb_blurb][\/et_pb_column][et_pb_column type=&#8221;1_3&#8243; _builder_version=&#8221;3.0.47&#8243;][et_pb_blurb title=&#8221;Helista meile&#8221; use_icon=&#8221;on&#8221; font_icon=&#8221;%%264%%&#8221; icon_color=&#8221;#e02b20&#8243; use_icon_font_size=&#8221;on&#8221; icon_font_size=&#8221;32px&#8221; _builder_version=&#8221;3.15&#8243; header_font=&#8221;Josefin Sans|700||on|||||&#8221; header_text_align=&#8221;center&#8221; body_font=&#8221;Open Sans||||||||&#8221; body_text_align=&#8221;center&#8221; body_font_size=&#8221;18px&#8221; animation_style=&#8221;fold&#8221; animation_direction=&#8221;left&#8221; animation_delay=&#8221;200ms&#8221; animation_intensity_fold=&#8221;20%&#8221;]<\/p>\n<p>+372 60 53 830<\/p>\n<p>[\/et_pb_blurb][\/et_pb_column][et_pb_column type=&#8221;1_3&#8243; _builder_version=&#8221;3.0.47&#8243;][et_pb_blurb title=&#8221;SAADA E-MAIL&#8221; use_icon=&#8221;on&#8221; font_icon=&#8221;%%238%%&#8221; icon_color=&#8221;#e02b20&#8243; use_icon_font_size=&#8221;on&#8221; icon_font_size=&#8221;32px&#8221; _builder_version=&#8221;3.15&#8243; header_font=&#8221;Josefin Sans|700||on|||||&#8221; header_text_align=&#8221;center&#8221; body_font=&#8221;Open Sans||||||||&#8221; body_text_align=&#8221;center&#8221; body_font_size=&#8221;18px&#8221; animation_style=&#8221;fold&#8221; animation_direction=&#8221;left&#8221; animation_delay=&#8221;200ms&#8221; animation_intensity_fold=&#8221;20%&#8221;]<\/p>\n<p><a href=\"mailto:%20info@wowevents.ee\">info@wowevents.ee<\/a><\/p>\n<p>[\/et_pb_blurb][\/et_pb_column][\/et_pb_row][\/et_pb_section]<\/p>\n","protected":false},"excerpt":{"rendered":"<p>T\u00f6\u00f6pakkumisedTihti otsime oma meeskonda loovaid, ambitsioonikaid ja kohusetundlikke kolleege.Hetkel meil konkreetne t\u00f6\u00f6otsing puudub, aga kui Sulle tundub, et Sinu oskused ja kogemused v\u00f5iksid rikastada meie meeskonda, siis pane enda kohta info teele. &nbsp; [dvppl_cf7_styler cf7=&#8221;2214&#8243; cf7_success_border_color=&#8221;#e02b20&#8243; disabled_on=&#8221;off|off|off&#8221; _builder_version=&#8221;3.24&#8243; form_field_font_font=&#8221;||||||||&#8221; form_field_font_font_size=&#8221;17px&#8221; labels_font=&#8221;||||||||&#8221; labels_text_color=&#8221;rgba(0,0,0,0.69)&#8221; labels_font_size=&#8221;22px&#8221; labels_line_height=&#8221;1.5em&#8221; custom_submit_button=&#8221;on&#8221; submit_button_text_size=&#8221;23px&#8221; submit_button_bg_color=&#8221;#e02b20&#8243; submit_button_border_width=&#8221;4px&#8221; submit_button_border_color=&#8221;#e02b20&#8243; submit_button_border_radius=&#8221;0px&#8221; submit_button_font=&#8221;||||||||&#8221; submit_button_icon_color=&#8221;#ffffff&#8221; max_width=&#8221;800px&#8221; module_alignment=&#8221;center&#8221;][\/dvppl_cf7_styler]P\u00e4rnu maantee [&hellip;]<\/p>\n","protected":false},"author":2,"featured_media":0,"parent":0,"menu_order":0,"comment_status":"closed","ping_status":"closed","template":"","meta":{"_et_pb_use_builder":"on","_et_pb_old_content":"","_et_gb_content_width":"","_monsterinsights_skip_tracking":false,"_monsterinsights_sitenote_active":false,"_monsterinsights_sitenote_note":"","_monsterinsights_sitenote_category":0,"_uf_show_specific_survey":0,"_uf_disable_surveys":false,"footnotes":""},"class_list":["post-1926","page","type-page","status-publish","hentry"],"yoast_head":"<!-- This site is optimized with the Yoast SEO plugin v27.2 - https:\/\/yoast.com\/product\/yoast-seo-wordpress\/ -->\n<title>\u00dcritusturundus: kliendi\u00fcritus, tooteesitlus jne - \u00dcritusturundusagentuur<\/title>\n<meta name=\"description\" content=\"Oleme korraldanud \u00fcritusi nii Eestis, Soomes kui L\u00e4tis: avamispeod, tooteesitlused, lansseerimine, firma juubelid jne.\" \/>\n<meta name=\"robots\" content=\"index, follow, max-snippet:-1, max-image-preview:large, max-video-preview:-1\" \/>\n<link rel=\"canonical\" href=\"https:\/\/www.wowevents.eu\/?page_id=1926\" \/>\n<meta property=\"og:locale\" content=\"et_EE\" \/>\n<meta property=\"og:type\" content=\"article\" \/>\n<meta property=\"og:title\" content=\"\u00dcritusturundus: kliendi\u00fcritus, tooteesitlus jne - \u00dcritusturundusagentuur\" \/>\n<meta property=\"og:description\" content=\"Oleme korraldanud \u00fcritusi nii Eestis, Soomes kui L\u00e4tis: avamispeod, tooteesitlused, lansseerimine, firma juubelid jne.\" \/>\n<meta property=\"og:url\" content=\"https:\/\/www.wowevents.eu\/?page_id=1926\" \/>\n<meta property=\"og:site_name\" content=\"WOW EVENTS | We create positive impact\" \/>\n<meta property=\"article:publisher\" content=\"https:\/\/www.facebook.com\/wowevents10\" \/>\n<meta property=\"article:modified_time\" content=\"2020-01-16T12:55:21+00:00\" \/>\n<meta property=\"og:image\" content=\"https:\/\/www.wowevents.eu\/wp-content\/uploads\/2026\/03\/WOW-25.png\" \/>\n\t<meta property=\"og:image:width\" content=\"1500\" \/>\n\t<meta property=\"og:image:height\" content=\"1115\" \/>\n\t<meta property=\"og:image:type\" content=\"image\/png\" \/>\n<meta name=\"twitter:card\" content=\"summary_large_image\" \/>\n<meta name=\"twitter:site\" content=\"@wowevents10\" \/>\n<meta name=\"twitter:label1\" content=\"Est. reading time\" \/>\n\t<meta name=\"twitter:data1\" content=\"5 minutit\" \/>\n<script type=\"application\/ld+json\" class=\"yoast-schema-graph\">{\"@context\":\"https:\/\/schema.org\",\"@graph\":[{\"@type\":\"WebPage\",\"@id\":\"https:\/\/www.wowevents.eu\/?page_id=1926\",\"url\":\"https:\/\/www.wowevents.eu\/?page_id=1926\",\"name\":\"\u00dcritusturundus: kliendi\u00fcritus, tooteesitlus jne - \u00dcritusturundusagentuur\",\"isPartOf\":{\"@id\":\"https:\/\/www.wowevents.eu\/#website\"},\"datePublished\":\"2019-08-18T18:26:03+00:00\",\"dateModified\":\"2020-01-16T12:55:21+00:00\",\"description\":\"Oleme korraldanud \u00fcritusi nii Eestis, Soomes kui L\u00e4tis: avamispeod, tooteesitlused, lansseerimine, firma juubelid jne.\",\"breadcrumb\":{\"@id\":\"https:\/\/www.wowevents.eu\/?page_id=1926#breadcrumb\"},\"inLanguage\":\"et\",\"potentialAction\":[{\"@type\":\"ReadAction\",\"target\":[\"https:\/\/www.wowevents.eu\/?page_id=1926\"]}]},{\"@type\":\"BreadcrumbList\",\"@id\":\"https:\/\/www.wowevents.eu\/?page_id=1926#breadcrumb\",\"itemListElement\":[{\"@type\":\"ListItem\",\"position\":1,\"name\":\"Home\",\"item\":\"https:\/\/www.wowevents.eu\/\"},{\"@type\":\"ListItem\",\"position\":2,\"name\":\"T\u00f6\u00f6pakkumised\"}]},{\"@type\":\"WebSite\",\"@id\":\"https:\/\/www.wowevents.eu\/#website\",\"url\":\"https:\/\/www.wowevents.eu\/\",\"name\":\"WOW EVENTS | We create positive impact\",\"description\":\"\u00dcrituste korraldamine\",\"publisher\":{\"@id\":\"https:\/\/www.wowevents.eu\/#organization\"},\"potentialAction\":[{\"@type\":\"SearchAction\",\"target\":{\"@type\":\"EntryPoint\",\"urlTemplate\":\"https:\/\/www.wowevents.eu\/?s={search_term_string}\"},\"query-input\":{\"@type\":\"PropertyValueSpecification\",\"valueRequired\":true,\"valueName\":\"search_term_string\"}}],\"inLanguage\":\"et\"},{\"@type\":\"Organization\",\"@id\":\"https:\/\/www.wowevents.eu\/#organization\",\"name\":\"WOW Events\",\"url\":\"https:\/\/www.wowevents.eu\/\",\"logo\":{\"@type\":\"ImageObject\",\"inLanguage\":\"et\",\"@id\":\"https:\/\/www.wowevents.eu\/#\/schema\/logo\/image\/\",\"url\":\"https:\/\/www.wowevents.eu\/wp-content\/uploads\/2026\/03\/WOW-25-1.png\",\"contentUrl\":\"https:\/\/www.wowevents.eu\/wp-content\/uploads\/2026\/03\/WOW-25-1.png\",\"width\":1264,\"height\":772,\"caption\":\"WOW Events\"},\"image\":{\"@id\":\"https:\/\/www.wowevents.eu\/#\/schema\/logo\/image\/\"},\"sameAs\":[\"https:\/\/www.facebook.com\/wowevents10\",\"https:\/\/x.com\/wowevents10\",\"https:\/\/www.instagram.com\/wowestonia\/\"]}]}<\/script>\n<!-- \/ Yoast SEO plugin. -->","yoast_head_json":{"title":"\u00dcritusturundus: kliendi\u00fcritus, tooteesitlus jne - \u00dcritusturundusagentuur","description":"Oleme korraldanud \u00fcritusi nii Eestis, Soomes kui L\u00e4tis: avamispeod, tooteesitlused, lansseerimine, firma juubelid jne.","robots":{"index":"index","follow":"follow","max-snippet":"max-snippet:-1","max-image-preview":"max-image-preview:large","max-video-preview":"max-video-preview:-1"},"canonical":"https:\/\/www.wowevents.eu\/?page_id=1926","og_locale":"et_EE","og_type":"article","og_title":"\u00dcritusturundus: kliendi\u00fcritus, tooteesitlus jne - \u00dcritusturundusagentuur","og_description":"Oleme korraldanud \u00fcritusi nii Eestis, Soomes kui L\u00e4tis: avamispeod, tooteesitlused, lansseerimine, firma juubelid jne.","og_url":"https:\/\/www.wowevents.eu\/?page_id=1926","og_site_name":"WOW EVENTS | We create positive impact","article_publisher":"https:\/\/www.facebook.com\/wowevents10","article_modified_time":"2020-01-16T12:55:21+00:00","og_image":[{"width":1500,"height":1115,"url":"https:\/\/www.wowevents.eu\/wp-content\/uploads\/2026\/03\/WOW-25.png","type":"image\/png"}],"twitter_card":"summary_large_image","twitter_site":"@wowevents10","twitter_misc":{"Est. reading time":"5 minutit"},"schema":{"@context":"https:\/\/schema.org","@graph":[{"@type":"WebPage","@id":"https:\/\/www.wowevents.eu\/?page_id=1926","url":"https:\/\/www.wowevents.eu\/?page_id=1926","name":"\u00dcritusturundus: kliendi\u00fcritus, tooteesitlus jne - \u00dcritusturundusagentuur","isPartOf":{"@id":"https:\/\/www.wowevents.eu\/#website"},"datePublished":"2019-08-18T18:26:03+00:00","dateModified":"2020-01-16T12:55:21+00:00","description":"Oleme korraldanud \u00fcritusi nii Eestis, Soomes kui L\u00e4tis: avamispeod, tooteesitlused, lansseerimine, firma juubelid jne.","breadcrumb":{"@id":"https:\/\/www.wowevents.eu\/?page_id=1926#breadcrumb"},"inLanguage":"et","potentialAction":[{"@type":"ReadAction","target":["https:\/\/www.wowevents.eu\/?page_id=1926"]}]},{"@type":"BreadcrumbList","@id":"https:\/\/www.wowevents.eu\/?page_id=1926#breadcrumb","itemListElement":[{"@type":"ListItem","position":1,"name":"Home","item":"https:\/\/www.wowevents.eu\/"},{"@type":"ListItem","position":2,"name":"T\u00f6\u00f6pakkumised"}]},{"@type":"WebSite","@id":"https:\/\/www.wowevents.eu\/#website","url":"https:\/\/www.wowevents.eu\/","name":"WOW EVENTS | We create positive impact","description":"\u00dcrituste korraldamine","publisher":{"@id":"https:\/\/www.wowevents.eu\/#organization"},"potentialAction":[{"@type":"SearchAction","target":{"@type":"EntryPoint","urlTemplate":"https:\/\/www.wowevents.eu\/?s={search_term_string}"},"query-input":{"@type":"PropertyValueSpecification","valueRequired":true,"valueName":"search_term_string"}}],"inLanguage":"et"},{"@type":"Organization","@id":"https:\/\/www.wowevents.eu\/#organization","name":"WOW Events","url":"https:\/\/www.wowevents.eu\/","logo":{"@type":"ImageObject","inLanguage":"et","@id":"https:\/\/www.wowevents.eu\/#\/schema\/logo\/image\/","url":"https:\/\/www.wowevents.eu\/wp-content\/uploads\/2026\/03\/WOW-25-1.png","contentUrl":"https:\/\/www.wowevents.eu\/wp-content\/uploads\/2026\/03\/WOW-25-1.png","width":1264,"height":772,"caption":"WOW Events"},"image":{"@id":"https:\/\/www.wowevents.eu\/#\/schema\/logo\/image\/"},"sameAs":["https:\/\/www.facebook.com\/wowevents10","https:\/\/x.com\/wowevents10","https:\/\/www.instagram.com\/wowestonia\/"]}]}},"_links":{"self":[{"href":"https:\/\/www.wowevents.eu\/index.php?rest_route=\/wp\/v2\/pages\/1926","targetHints":{"allow":["GET"]}}],"collection":[{"href":"https:\/\/www.wowevents.eu\/index.php?rest_route=\/wp\/v2\/pages"}],"about":[{"href":"https:\/\/www.wowevents.eu\/index.php?rest_route=\/wp\/v2\/types\/page"}],"author":[{"embeddable":true,"href":"https:\/\/www.wowevents.eu\/index.php?rest_route=\/wp\/v2\/users\/2"}],"replies":[{"embeddable":true,"href":"https:\/\/www.wowevents.eu\/index.php?rest_route=%2Fwp%2Fv2%2Fcomments&post=1926"}],"version-history":[{"count":0,"href":"https:\/\/www.wowevents.eu\/index.php?rest_route=\/wp\/v2\/pages\/1926\/revisions"}],"wp:attachment":[{"href":"https:\/\/www.wowevents.eu\/index.php?rest_route=%2Fwp%2Fv2%2Fmedia&parent=1926"}],"curies":[{"name":"wp","href":"https:\/\/api.w.org\/{rel}","templated":true}]}}